{"id":65,"date":"2022-11-03T15:53:15","date_gmt":"2022-11-03T14:53:15","guid":{"rendered":"http:\/\/minutepapillon86.fr\/?page_id=65"},"modified":"2025-01-27T16:14:01","modified_gmt":"2025-01-27T15:14:01","slug":"presentation","status":"publish","type":"page","link":"https:\/\/minutepapillon86.fr\/","title":{"rendered":"QUI SOMMES NOUS"},"content":{"rendered":"<div class=\"wp-block-image\">\n<figure class=\"aligncenter size-full is-resized\"><img loading=\"lazy\" decoding=\"async\" width=\"379\" height=\"168\" src=\"https:\/\/minutepapillon86.fr\/wp-content\/uploads\/2022\/12\/logo-minute-papillon-web.jpg\" alt=\"\" class=\"wp-image-130\" style=\"width:354px;height:157px\" srcset=\"https:\/\/minutepapillon86.fr\/wp-content\/uploads\/2022\/12\/logo-minute-papillon-web.jpg 379w, https:\/\/minutepapillon86.fr\/wp-content\/uploads\/2022\/12\/logo-minute-papillon-web-300x133.jpg 300w\" sizes=\"auto, (max-width: 379px) 100vw, 379px\" \/><\/figure>\n<\/div>\n\n\n<p>Minute Papillon est une association d\u2019\u00e9ducation \u00e0 l\u2019environnement. Notre mission principale est d\u2019offrir des temps de plaisir et de d\u00e9couverte dehors afin de d\u00e9velopper le lien entre le public et la nature. La d\u00e9marche de Minute Papillon est \u00e0 la fois naturaliste mais \u00e9galement exp\u00e9rientielle et sensorielle.<\/p>\n\n\n\n<p>Minute Papillon propose des sorties pour ses adh\u00e9rents sous forme de clubs et de stages nature. Nous intervenons \u00e9galement en milieu scolaire ainsi qu\u2019aupr\u00e8s des structures de l\u2019\u00e9ducation populaire.<br><br>Minute Papillon est une association cr\u00e9\u00e9e en 2019. <br>Elle est membre de la <a href=\"https:\/\/fcpn.org\/\" data-type=\"URL\" data-id=\"https:\/\/fcpn.org\/\">F\u00e9d\u00e9ration des Clubs Nature (FCPN)<\/a>, du <a href=\"https:\/\/grainepc.org\/\" data-type=\"URL\" data-id=\"https:\/\/grainepc.org\/\">Graine Poitou-Charentes<\/a>, du <a href=\"https:\/\/www.graine-nouvelle-aquitaine.fr\/\">Graine Nouvelle-Aquitaine<\/a>, <a href=\"https:\/\/www.vienne-nature.fr\/\" data-type=\"URL\" data-id=\"https:\/\/www.vienne-nature.fr\/\">Vienne Nature<\/a> et de la<a href=\"http:\/\/laligue86.org\/\" data-type=\"link\" data-id=\"http:\/\/laligue86.org\/\"> Ligue de l&rsquo;Enseignement 86<\/a>. <br>Elle r\u00e9side aux <a href=\"https:\/\/lesusines.fr\/\">Usines<\/a>. <\/p>\n\n\n\n<p><a href=\"http:\/\/minutepapillon86.fr\/wp-content\/uploads\/2025\/01\/Projet-associatif_2025_2029.pdf\" data-type=\"link\" data-id=\"http:\/\/minutepapillon86.fr\/wp-content\/uploads\/2025\/01\/Projet-associatif_2025_2029.pdf\"><strong>Notre projet associatif pour la p\u00e9riode 2025\/2029 en PDF<\/strong><\/a><\/p>\n\n\n\n<p><a href=\"http:\/\/minutepapillon86.fr\/wp-content\/uploads\/2022\/10\/Plaquette_minute_papillon.pdf\"><strong>Notre plaquette de pr\u00e9sentation en PDF<\/strong><\/a><\/p>\n\n\n\n<div class=\"wp-block-ps2id-block-target\" id=\"#presentation\"><\/div>\n\n\n\n<p><\/p>\n","protected":false},"excerpt":{"rendered":"<p>Minute Papillon est une association d\u2019\u00e9ducation \u00e0 l\u2019environnement. Notre mission principale est d\u2019offrir des temps de plaisir et de d\u00e9couverte dehors afin de d\u00e9velopper le lien entre le public et la nature. La d\u00e9marche de Minute Papillon est \u00e0 la fois naturaliste mais \u00e9galement exp\u00e9rientielle et sensorielle. Minute Papillon propose des sorties pour ses adh\u00e9rents &hellip; <\/p>\n<p class=\"link-more\"><a href=\"https:\/\/minutepapillon86.fr\/\" class=\"more-link\">Continuer la lecture<span class=\"screen-reader-text\"> de &laquo;&nbsp;QUI SOMMES NOUS&nbsp;&raquo;<\/span><\/a><\/p>\n","protected":false},"author":1,"featured_media":19,"parent":0,"menu_order":0,"comment_status":"closed","ping_status":"closed","template":"","meta":{"footnotes":""},"class_list":["post-65","page","type-page","status-publish","has-post-thumbnail","hentry"],"_links":{"self":[{"href":"https:\/\/minutepapillon86.fr\/index.php\/wp-json\/wp\/v2\/pages\/65","targetHints":{"allow":["GET"]}}],"collection":[{"href":"https:\/\/minutepapillon86.fr\/index.php\/wp-json\/wp\/v2\/pages"}],"about":[{"href":"https:\/\/minutepapillon86.fr\/index.php\/wp-json\/wp\/v2\/types\/page"}],"author":[{"embeddable":true,"href":"https:\/\/minutepapillon86.fr\/index.php\/wp-json\/wp\/v2\/users\/1"}],"replies":[{"embeddable":true,"href":"https:\/\/minutepapillon86.fr\/index.php\/wp-json\/wp\/v2\/comments?post=65"}],"version-history":[{"count":19,"href":"https:\/\/minutepapillon86.fr\/index.php\/wp-json\/wp\/v2\/pages\/65\/revisions"}],"predecessor-version":[{"id":197,"href":"https:\/\/minutepapillon86.fr\/index.php\/wp-json\/wp\/v2\/pages\/65\/revisions\/197"}],"wp:featuredmedia":[{"embeddable":true,"href":"https:\/\/minutepapillon86.fr\/index.php\/wp-json\/wp\/v2\/media\/19"}],"wp:attachment":[{"href":"https:\/\/minutepapillon86.fr\/index.php\/wp-json\/wp\/v2\/media?parent=65"}],"curies":[{"name":"wp","href":"https:\/\/api.w.org\/{rel}","templated":true}]}}